{"id":131,"date":"2019-04-26T15:04:37","date_gmt":"2019-04-26T13:04:37","guid":{"rendered":"http:\/\/didierangels.com\/?page_id=131"},"modified":"2020-04-26T13:46:30","modified_gmt":"2020-04-26T11:46:30","slug":"linogravures-didier-angels","status":"publish","type":"page","link":"https:\/\/didierangels.com\/index.php\/linogravures-didier-angels\/","title":{"rendered":"Linogravures"},"content":{"rendered":"\t\t<div data-elementor-type=\"wp-post\" data-elementor-id=\"131\" class=\"elementor elementor-131\" data-elementor-settings=\"[]\">\n\t\t\t<div class=\"elementor-inner\">\n\t\t\t\t<div class=\"elementor-section-wrap\">\n\t\t\t\t\t\t\t<section class=\"elementor-element elementor-element-44be362 elementor-section-boxed elementor-section-height-default elementor-section-height-default elementor-section elementor-top-section\" data-id=\"44be362\" data-element_type=\"section\">\n\t\t\t\t\t\t<div class=\"elementor-container elementor-column-gap-default\">\n\t\t\t\t<div class=\"elementor-row\">\n\t\t\t\t<div class=\"elementor-element elementor-element-092eb41 elementor-column elementor-col-100 elementor-top-column\" data-id=\"092eb41\" data-element_type=\"column\">\n\t\t\t<div class=\"elementor-column-wrap  elementor-element-populated\">\n\t\t\t\t\t<div class=\"elementor-widget-wrap\">\n\t\t\t\t<div class=\"elementor-element elementor-element-d2cd84e elementor-widget elementor-widget-heading\" data-id=\"d2cd84e\" data-element_type=\"widget\" data-widget_type=\"heading.default\">\n\t\t\t\t<div class=\"elementor-widget-container\">\n\t\t\t<h1 class=\"elementor-heading-title elementor-size-default\">Linogravures.<\/h1>\t\t<\/div>\n\t\t\t\t<\/div>\n\t\t\t\t<div class=\"elementor-element elementor-element-d5ada60 elementor-widget elementor-widget-divider\" data-id=\"d5ada60\" data-element_type=\"widget\" data-widget_type=\"divider.default\">\n\t\t\t\t<div class=\"elementor-widget-container\">\n\t\t\t\t\t<div class=\"elementor-divider\">\n\t\t\t<span class=\"elementor-divider-separator\">\n\t\t\t\t\t\t<\/span>\n\t\t<\/div>\n\t\t\t\t<\/div>\n\t\t\t\t<\/div>\n\t\t\t\t\t\t<\/div>\n\t\t\t<\/div>\n\t\t<\/div>\n\t\t\t\t\t\t<\/div>\n\t\t\t<\/div>\n\t\t<\/section>\n\t\t\t\t<section class=\"elementor-element elementor-element-6db8fb elementor-section-boxed elementor-section-height-default elementor-section-height-default elementor-section elementor-top-section\" data-id=\"6db8fb\" data-element_type=\"section\">\n\t\t\t\t\t\t<div class=\"elementor-container elementor-column-gap-default\">\n\t\t\t\t<div class=\"elementor-row\">\n\t\t\t\t<div class=\"elementor-element elementor-element-64bcec0a elementor-column elementor-col-33 elementor-top-column\" data-id=\"64bcec0a\" data-element_type=\"column\">\n\t\t\t<div class=\"elementor-column-wrap  elementor-element-populated\">\n\t\t\t\t\t<div class=\"elementor-widget-wrap\">\n\t\t\t\t<div class=\"elementor-element elementor-element-26950fd8 elementor-invisible elementor-widget elementor-widget-image\" data-id=\"26950fd8\" data-element_type=\"widget\" data-settings=\"{&quot;_animation&quot;:&quot;fadeInLeft&quot;}\" data-widget_type=\"image.default\">\n\t\t\t\t<div class=\"elementor-widget-container\">\n\t\t\t\t\t<div class=\"elementor-image\">\n\t\t\t\t\t\t\t<figure class=\"wp-caption\">\n\t\t\t\t\t\t\t\t\t\t\t<a href=\"https:\/\/didierangels.com\/wp-content\/uploads\/2019\/04\/Capture-d\u2019e\u0301cran-2019-04-26-a\u0300-15.02.29.png\" data-elementor-open-lightbox=\"yes\" data-elementor-lightbox-title=\"Une nouvelle vie - Linogravure - 100x70 - Didier Angels\">\n\t\t\t\t\t\t\t<img width=\"800\" height=\"557\" src=\"https:\/\/didierangels.com\/wp-content\/uploads\/2019\/04\/Capture-d\u2019e\u0301cran-2019-04-26-a\u0300-15.02.29.png\" class=\"attachment-large size-large\" alt=\"Une nouvelle vie - Linogravure - 100x70 - Didier Angels\" loading=\"lazy\" srcset=\"https:\/\/didierangels.com\/wp-content\/uploads\/2019\/04\/Capture-d\u2019e\u0301cran-2019-04-26-a\u0300-15.02.29.png 1008w, https:\/\/didierangels.com\/wp-content\/uploads\/2019\/04\/Capture-d\u2019e\u0301cran-2019-04-26-a\u0300-15.02.29-300x209.png 300w, https:\/\/didierangels.com\/wp-content\/uploads\/2019\/04\/Capture-d\u2019e\u0301cran-2019-04-26-a\u0300-15.02.29-768x535.png 768w\" sizes=\"(max-width: 800px) 100vw, 800px\" \/>\t\t\t\t\t\t\t\t<\/a>\n\t\t\t\t\t\t\t\t\t\t\t<figcaption class=\"widget-image-caption wp-caption-text\">Une nouvelle vie<\/figcaption>\n\t\t\t\t\t\t\t\t\t\t<\/figure>\n\t\t\t\t\t<\/div>\n\t\t\t\t<\/div>\n\t\t\t\t<\/div>\n\t\t\t\t<div class=\"elementor-element elementor-element-5418b2c8 elementor-invisible elementor-widget elementor-widget-image\" data-id=\"5418b2c8\" data-element_type=\"widget\" data-settings=\"{&quot;_animation&quot;:&quot;fadeInLeft&quot;}\" data-widget_type=\"image.default\">\n\t\t\t\t<div class=\"elementor-widget-container\">\n\t\t\t\t\t<div class=\"elementor-image\">\n\t\t\t\t\t\t\t<figure class=\"wp-caption\">\n\t\t\t\t\t\t\t\t\t\t\t<a href=\"https:\/\/didierangels.com\/wp-content\/uploads\/2019\/04\/Capture-d\u2019e\u0301cran-2019-04-26-a\u0300-15.02.41.png\" data-elementor-open-lightbox=\"yes\" data-elementor-lightbox-title=\"Belle - Linogravure - 100x70 - Didier Angels\">\n\t\t\t\t\t\t\t<img width=\"548\" height=\"773\" src=\"https:\/\/didierangels.com\/wp-content\/uploads\/2019\/04\/Capture-d\u2019e\u0301cran-2019-04-26-a\u0300-15.02.41.png\" class=\"attachment-large size-large\" alt=\"Belle - Linogravure - 100x70 - Didier Angels\" loading=\"lazy\" srcset=\"https:\/\/didierangels.com\/wp-content\/uploads\/2019\/04\/Capture-d\u2019e\u0301cran-2019-04-26-a\u0300-15.02.41.png 548w, https:\/\/didierangels.com\/wp-content\/uploads\/2019\/04\/Capture-d\u2019e\u0301cran-2019-04-26-a\u0300-15.02.41-213x300.png 213w\" sizes=\"(max-width: 548px) 100vw, 548px\" \/>\t\t\t\t\t\t\t\t<\/a>\n\t\t\t\t\t\t\t\t\t\t\t<figcaption class=\"widget-image-caption wp-caption-text\">Belle<\/figcaption>\n\t\t\t\t\t\t\t\t\t\t<\/figure>\n\t\t\t\t\t<\/div>\n\t\t\t\t<\/div>\n\t\t\t\t<\/div>\n\t\t\t\t\t\t<\/div>\n\t\t\t<\/div>\n\t\t<\/div>\n\t\t\t\t<div class=\"elementor-element elementor-element-6e3a9127 elementor-column elementor-col-33 elementor-top-column\" data-id=\"6e3a9127\" data-element_type=\"column\">\n\t\t\t<div class=\"elementor-column-wrap  elementor-element-populated\">\n\t\t\t\t\t<div class=\"elementor-widget-wrap\">\n\t\t\t\t<div class=\"elementor-element elementor-element-4cd4fbbb elementor-invisible elementor-widget elementor-widget-image\" data-id=\"4cd4fbbb\" data-element_type=\"widget\" data-settings=\"{&quot;_animation&quot;:&quot;fadeInDown&quot;}\" data-widget_type=\"image.default\">\n\t\t\t\t<div class=\"elementor-widget-container\">\n\t\t\t\t\t<div class=\"elementor-image\">\n\t\t\t\t\t\t\t<figure class=\"wp-caption\">\n\t\t\t\t\t\t\t\t\t\t\t<a href=\"https:\/\/didierangels.com\/wp-content\/uploads\/2019\/04\/Capture-d\u2019e\u0301cran-2019-04-26-a\u0300-15.02.49.png\" data-elementor-open-lightbox=\"yes\" data-elementor-lightbox-title=\"La femme sans visage - Linogravure - 100x70 - Didier Angels\">\n\t\t\t\t\t\t\t<img width=\"671\" height=\"775\" src=\"https:\/\/didierangels.com\/wp-content\/uploads\/2019\/04\/Capture-d\u2019e\u0301cran-2019-04-26-a\u0300-15.02.49.png\" class=\"attachment-large size-large\" alt=\"La femme sans visage - Linogravure - 100x70 - Didier Angels\" loading=\"lazy\" srcset=\"https:\/\/didierangels.com\/wp-content\/uploads\/2019\/04\/Capture-d\u2019e\u0301cran-2019-04-26-a\u0300-15.02.49.png 671w, https:\/\/didierangels.com\/wp-content\/uploads\/2019\/04\/Capture-d\u2019e\u0301cran-2019-04-26-a\u0300-15.02.49-260x300.png 260w\" sizes=\"(max-width: 671px) 100vw, 671px\" \/>\t\t\t\t\t\t\t\t<\/a>\n\t\t\t\t\t\t\t\t\t\t\t<figcaption class=\"widget-image-caption wp-caption-text\">La femme sans visage<\/figcaption>\n\t\t\t\t\t\t\t\t\t\t<\/figure>\n\t\t\t\t\t<\/div>\n\t\t\t\t<\/div>\n\t\t\t\t<\/div>\n\t\t\t\t<div class=\"elementor-element elementor-element-e79d0a5 elementor-invisible elementor-widget elementor-widget-image\" data-id=\"e79d0a5\" data-element_type=\"widget\" data-settings=\"{&quot;_animation&quot;:&quot;fadeInUp&quot;}\" data-widget_type=\"image.default\">\n\t\t\t\t<div class=\"elementor-widget-container\">\n\t\t\t\t\t<div class=\"elementor-image\">\n\t\t\t\t\t\t\t<figure class=\"wp-caption\">\n\t\t\t\t\t\t\t\t\t\t\t<a href=\"https:\/\/didierangels.com\/wp-content\/uploads\/2019\/04\/Capture-d\u2019e\u0301cran-2019-04-26-a\u0300-15.03.02.png\" data-elementor-open-lightbox=\"yes\" data-elementor-lightbox-title=\"Naissance m\u00e9canique - Linogravure - 100x70 - Didier Angels\">\n\t\t\t\t\t\t\t<img width=\"632\" height=\"776\" src=\"https:\/\/didierangels.com\/wp-content\/uploads\/2019\/04\/Capture-d\u2019e\u0301cran-2019-04-26-a\u0300-15.03.02.png\" class=\"attachment-large size-large\" alt=\"Naissance m\u00e9canique - Linogravure - 100x70 - Didier Angels\" loading=\"lazy\" srcset=\"https:\/\/didierangels.com\/wp-content\/uploads\/2019\/04\/Capture-d\u2019e\u0301cran-2019-04-26-a\u0300-15.03.02.png 632w, https:\/\/didierangels.com\/wp-content\/uploads\/2019\/04\/Capture-d\u2019e\u0301cran-2019-04-26-a\u0300-15.03.02-244x300.png 244w\" sizes=\"(max-width: 632px) 100vw, 632px\" \/>\t\t\t\t\t\t\t\t<\/a>\n\t\t\t\t\t\t\t\t\t\t\t<figcaption class=\"widget-image-caption wp-caption-text\">Naissance m\u00e9canique<\/figcaption>\n\t\t\t\t\t\t\t\t\t\t<\/figure>\n\t\t\t\t\t<\/div>\n\t\t\t\t<\/div>\n\t\t\t\t<\/div>\n\t\t\t\t\t\t<\/div>\n\t\t\t<\/div>\n\t\t<\/div>\n\t\t\t\t<div class=\"elementor-element elementor-element-6b33cbf3 elementor-column elementor-col-33 elementor-top-column\" data-id=\"6b33cbf3\" data-element_type=\"column\">\n\t\t\t<div class=\"elementor-column-wrap  elementor-element-populated\">\n\t\t\t\t\t<div class=\"elementor-widget-wrap\">\n\t\t\t\t<div class=\"elementor-element elementor-element-575d5bc elementor-invisible elementor-widget elementor-widget-image\" data-id=\"575d5bc\" data-element_type=\"widget\" data-settings=\"{&quot;_animation&quot;:&quot;fadeInRight&quot;}\" data-widget_type=\"image.default\">\n\t\t\t\t<div class=\"elementor-widget-container\">\n\t\t\t\t\t<div class=\"elementor-image\">\n\t\t\t\t\t\t\t<figure class=\"wp-caption\">\n\t\t\t\t\t\t\t\t\t\t\t<a href=\"https:\/\/didierangels.com\/wp-content\/uploads\/2019\/04\/Capture-d\u2019e\u0301cran-2019-04-26-a\u0300-15.03.10.png\" data-elementor-open-lightbox=\"yes\" data-elementor-lightbox-title=\"Vietnam 1965 - Linogravure - 100x70 - Didier Angels\">\n\t\t\t\t\t\t\t<img width=\"800\" height=\"518\" src=\"https:\/\/didierangels.com\/wp-content\/uploads\/2019\/04\/Capture-d\u2019e\u0301cran-2019-04-26-a\u0300-15.03.10-1024x663.png\" class=\"attachment-large size-large\" alt=\"Vietnam 1965 - Linogravure - 100x70 - Didier Angels\" loading=\"lazy\" srcset=\"https:\/\/didierangels.com\/wp-content\/uploads\/2019\/04\/Capture-d\u2019e\u0301cran-2019-04-26-a\u0300-15.03.10-1024x663.png 1024w, https:\/\/didierangels.com\/wp-content\/uploads\/2019\/04\/Capture-d\u2019e\u0301cran-2019-04-26-a\u0300-15.03.10-300x194.png 300w, https:\/\/didierangels.com\/wp-content\/uploads\/2019\/04\/Capture-d\u2019e\u0301cran-2019-04-26-a\u0300-15.03.10-768x497.png 768w, https:\/\/didierangels.com\/wp-content\/uploads\/2019\/04\/Capture-d\u2019e\u0301cran-2019-04-26-a\u0300-15.03.10.png 1194w\" sizes=\"(max-width: 800px) 100vw, 800px\" \/>\t\t\t\t\t\t\t\t<\/a>\n\t\t\t\t\t\t\t\t\t\t\t<figcaption class=\"widget-image-caption wp-caption-text\">Vietnam 1965<\/figcaption>\n\t\t\t\t\t\t\t\t\t\t<\/figure>\n\t\t\t\t\t<\/div>\n\t\t\t\t<\/div>\n\t\t\t\t<\/div>\n\t\t\t\t<div class=\"elementor-element elementor-element-50770f88 elementor-invisible elementor-widget elementor-widget-image\" data-id=\"50770f88\" data-element_type=\"widget\" data-settings=\"{&quot;_animation&quot;:&quot;fadeInRight&quot;}\" data-widget_type=\"image.default\">\n\t\t\t\t<div class=\"elementor-widget-container\">\n\t\t\t\t\t<div class=\"elementor-image\">\n\t\t\t\t\t\t\t<figure class=\"wp-caption\">\n\t\t\t\t\t\t\t\t\t\t\t<a href=\"https:\/\/didierangels.com\/wp-content\/uploads\/2019\/04\/Capture-d\u2019e\u0301cran-2019-04-26-a\u0300-15.02.56.png\" data-elementor-open-lightbox=\"yes\" data-elementor-lightbox-title=\"La maternit\u00e9 - Linogravure - 100x70 - Didier Angels\">\n\t\t\t\t\t\t\t<img width=\"600\" height=\"772\" src=\"https:\/\/didierangels.com\/wp-content\/uploads\/2019\/04\/Capture-d\u2019e\u0301cran-2019-04-26-a\u0300-15.02.56.png\" class=\"attachment-large size-large\" alt=\"La maternit\u00e9 - Linogravure - 100x70 - Didier Angels\" loading=\"lazy\" srcset=\"https:\/\/didierangels.com\/wp-content\/uploads\/2019\/04\/Capture-d\u2019e\u0301cran-2019-04-26-a\u0300-15.02.56.png 600w, https:\/\/didierangels.com\/wp-content\/uploads\/2019\/04\/Capture-d\u2019e\u0301cran-2019-04-26-a\u0300-15.02.56-233x300.png 233w\" sizes=\"(max-width: 600px) 100vw, 600px\" \/>\t\t\t\t\t\t\t\t<\/a>\n\t\t\t\t\t\t\t\t\t\t\t<figcaption class=\"widget-image-caption wp-caption-text\">La maternit\u00e9<\/figcaption>\n\t\t\t\t\t\t\t\t\t\t<\/figure>\n\t\t\t\t\t<\/div>\n\t\t\t\t<\/div>\n\t\t\t\t<\/div>\n\t\t\t\t\t\t<\/div>\n\t\t\t<\/div>\n\t\t<\/div>\n\t\t\t\t\t\t<\/div>\n\t\t\t<\/div>\n\t\t<\/section>\n\t\t\t\t<section class=\"elementor-element elementor-element-ecf1360 elementor-section-boxed elementor-section-height-default elementor-section-height-default elementor-section elementor-top-section\" data-id=\"ecf1360\" data-element_type=\"section\">\n\t\t\t\t\t\t<div class=\"elementor-container elementor-column-gap-default\">\n\t\t\t\t<div class=\"elementor-row\">\n\t\t\t\t<div class=\"elementor-element elementor-element-63e2b4fa elementor-column elementor-col-100 elementor-top-column\" data-id=\"63e2b4fa\" data-element_type=\"column\">\n\t\t\t<div class=\"elementor-column-wrap  elementor-element-populated\">\n\t\t\t\t\t<div class=\"elementor-widget-wrap\">\n\t\t\t\t<div class=\"elementor-element elementor-element-30c0799e elementor-widget elementor-widget-heading\" data-id=\"30c0799e\" data-element_type=\"widget\" data-widget_type=\"heading.default\">\n\t\t\t\t<div class=\"elementor-widget-container\">\n\t\t\t<h2 class=\"elementor-heading-title elementor-size-default\">Acc\u00e9der aux autres portfolios<\/h2>\t\t<\/div>\n\t\t\t\t<\/div>\n\t\t\t\t\t\t<\/div>\n\t\t\t<\/div>\n\t\t<\/div>\n\t\t\t\t\t\t<\/div>\n\t\t\t<\/div>\n\t\t<\/section>\n\t\t\t\t<section class=\"elementor-element elementor-element-1fe5fed0 elementor-section-full_width elementor-section-height-default elementor-section-height-default elementor-section elementor-top-section\" data-id=\"1fe5fed0\" data-element_type=\"section\">\n\t\t\t\t\t\t<div class=\"elementor-container elementor-column-gap-no\">\n\t\t\t\t<div class=\"elementor-row\">\n\t\t\t\t<div class=\"elementor-element elementor-element-1271a268 elementor-column elementor-col-50 elementor-top-column\" data-id=\"1271a268\" data-element_type=\"column\">\n\t\t\t<div class=\"elementor-column-wrap  elementor-element-populated\">\n\t\t\t\t\t<div class=\"elementor-widget-wrap\">\n\t\t\t\t<div class=\"elementor-element elementor-element-14cf0d76 elementor-cta--skin-cover elementor-cta--valign-bottom elementor-bg-transform elementor-bg-transform-move-right elementor-animated-content elementor-widget elementor-widget-call-to-action\" data-id=\"14cf0d76\" data-element_type=\"widget\" data-widget_type=\"call-to-action.default\">\n\t\t\t\t<div class=\"elementor-widget-container\">\n\t\t\t\t\t<a href=\"https:\/\/didierangels.com\/index.php\/dessins-encre-didier-angels\/\" class=\"elementor-cta\">\n\t\t\t\t\t<div class=\"elementor-cta__bg-wrapper\">\n\t\t\t\t<div class=\"elementor-cta__bg elementor-bg\" style=\"background-image: url(https:\/\/didierangels.com\/wp-content\/uploads\/2019\/04\/Capture-d\u2019e\u0301cran-2019-04-26-a\u0300-14.56.01.png);\"><\/div>\n\t\t\t\t<div class=\"elementor-cta__bg-overlay\"><\/div>\n\t\t\t<\/div>\n\t\t\t\t\t\t\t<div class=\"elementor-cta__content\">\n\t\t\t\t\n\t\t\t\t\t\t\t\t\t<h2 class=\"elementor-cta__title elementor-cta__content-item elementor-content-item elementor-animated-item--enter-from-left\">\n\t\t\t\t\t\tDESSINS \u00c0 L'ENCRE\t\t\t\t\t<\/h2>\n\t\t\t\t\n\t\t\t\t\n\t\t\t\t\t\t\t<\/div>\n\t\t\t\t\t\t<\/a>\n\t\t\t\t<\/div>\n\t\t\t\t<\/div>\n\t\t\t\t\t\t<\/div>\n\t\t\t<\/div>\n\t\t<\/div>\n\t\t\t\t<div class=\"elementor-element elementor-element-66a4ae6a elementor-column elementor-col-50 elementor-top-column\" data-id=\"66a4ae6a\" data-element_type=\"column\">\n\t\t\t<div class=\"elementor-column-wrap  elementor-element-populated\">\n\t\t\t\t\t<div class=\"elementor-widget-wrap\">\n\t\t\t\t<div class=\"elementor-element elementor-element-1070012e elementor-cta--skin-cover elementor-cta--valign-bottom elementor-bg-transform elementor-bg-transform-move-right elementor-animated-content elementor-widget elementor-widget-call-to-action\" data-id=\"1070012e\" data-element_type=\"widget\" data-widget_type=\"call-to-action.default\">\n\t\t\t\t<div class=\"elementor-widget-container\">\n\t\t\t\t\t<a href=\"https:\/\/didierangels.com\/index.php\/peintures-didier-angels\/\" class=\"elementor-cta\">\n\t\t\t\t\t<div class=\"elementor-cta__bg-wrapper\">\n\t\t\t\t<div class=\"elementor-cta__bg elementor-bg\" style=\"background-image: url(https:\/\/didierangels.com\/wp-content\/uploads\/2020\/04\/Le-Danuble-Bleu-Didier-Angels.jpg);\"><\/div>\n\t\t\t\t<div class=\"elementor-cta__bg-overlay\"><\/div>\n\t\t\t<\/div>\n\t\t\t\t\t\t\t<div class=\"elementor-cta__content\">\n\t\t\t\t\n\t\t\t\t\t\t\t\t\t<h2 class=\"elementor-cta__title elementor-cta__content-item elementor-content-item elementor-animated-item--enter-from-left\">\n\t\t\t\t\t\tPEINTURES\t\t\t\t\t<\/h2>\n\t\t\t\t\n\t\t\t\t\n\t\t\t\t\t\t\t<\/div>\n\t\t\t\t\t\t<\/a>\n\t\t\t\t<\/div>\n\t\t\t\t<\/div>\n\t\t\t\t\t\t<\/div>\n\t\t\t<\/div>\n\t\t<\/div>\n\t\t\t\t\t\t<\/div>\n\t\t\t<\/div>\n\t\t<\/section>\n\t\t\t\t\t\t<\/div>\n\t\t\t<\/div>\n\t\t<\/div>\n\t\t","protected":false},"excerpt":{"rendered":"<p>Linogravures. Une nouvelle vie Belle La femme sans visage Naissance m\u00e9canique Vietnam 1965 La maternit\u00e9 Acc\u00e9der aux autres portfolios DESSINS \u00c0 L&rsquo;ENCRE PEINTURES<\/p>\n","protected":false},"author":2,"featured_media":0,"parent":0,"menu_order":0,"comment_status":"closed","ping_status":"closed","template":"elementor_header_footer","meta":[],"_links":{"self":[{"href":"https:\/\/didierangels.com\/index.php\/wp-json\/wp\/v2\/pages\/131"}],"collection":[{"href":"https:\/\/didierangels.com\/index.php\/wp-json\/wp\/v2\/pages"}],"about":[{"href":"https:\/\/didierangels.com\/index.php\/wp-json\/wp\/v2\/types\/page"}],"author":[{"embeddable":true,"href":"https:\/\/didierangels.com\/index.php\/wp-json\/wp\/v2\/users\/2"}],"replies":[{"embeddable":true,"href":"https:\/\/didierangels.com\/index.php\/wp-json\/wp\/v2\/comments?post=131"}],"version-history":[{"count":19,"href":"https:\/\/didierangels.com\/index.php\/wp-json\/wp\/v2\/pages\/131\/revisions"}],"predecessor-version":[{"id":366,"href":"https:\/\/didierangels.com\/index.php\/wp-json\/wp\/v2\/pages\/131\/revisions\/366"}],"wp:attachment":[{"href":"https:\/\/didierangels.com\/index.php\/wp-json\/wp\/v2\/media?parent=131"}],"curies":[{"name":"wp","href":"https:\/\/api.w.org\/{rel}","templated":true}]}}