{"id":94,"date":"2019-04-26T15:33:53","date_gmt":"2019-04-26T13:33:53","guid":{"rendered":"http:\/\/didierangels.com\/?page_id=94"},"modified":"2020-04-26T13:43:45","modified_gmt":"2020-04-26T11:43:45","slug":"lartiste","status":"publish","type":"page","link":"https:\/\/didierangels.com\/index.php\/lartiste\/","title":{"rendered":"L&rsquo;Artiste"},"content":{"rendered":"\t\t<div data-elementor-type=\"wp-post\" data-elementor-id=\"94\" class=\"elementor elementor-94\" data-elementor-settings=\"[]\">\n\t\t\t<div class=\"elementor-inner\">\n\t\t\t\t<div class=\"elementor-section-wrap\">\n\t\t\t\t\t\t\t<section class=\"elementor-element elementor-element-4886e97 elementor-section-boxed elementor-section-height-default elementor-section-height-default elementor-section elementor-top-section\" data-id=\"4886e97\" data-element_type=\"section\">\n\t\t\t\t\t\t<div class=\"elementor-container elementor-column-gap-default\">\n\t\t\t\t<div class=\"elementor-row\">\n\t\t\t\t<div class=\"elementor-element elementor-element-bb4b887 elementor-column elementor-col-100 elementor-top-column\" data-id=\"bb4b887\" data-element_type=\"column\">\n\t\t\t<div class=\"elementor-column-wrap  elementor-element-populated\">\n\t\t\t\t\t<div class=\"elementor-widget-wrap\">\n\t\t\t\t<div class=\"elementor-element elementor-element-31be717b elementor-widget elementor-widget-heading\" data-id=\"31be717b\" data-element_type=\"widget\" data-widget_type=\"heading.default\">\n\t\t\t\t<div class=\"elementor-widget-container\">\n\t\t\t<h1 class=\"elementor-heading-title elementor-size-default\">L'artiste.<\/h1>\t\t<\/div>\n\t\t\t\t<\/div>\n\t\t\t\t<div class=\"elementor-element elementor-element-1f5ed06 elementor-widget elementor-widget-divider\" data-id=\"1f5ed06\" data-element_type=\"widget\" data-widget_type=\"divider.default\">\n\t\t\t\t<div class=\"elementor-widget-container\">\n\t\t\t\t\t<div class=\"elementor-divider\">\n\t\t\t<span class=\"elementor-divider-separator\">\n\t\t\t\t\t\t<\/span>\n\t\t<\/div>\n\t\t\t\t<\/div>\n\t\t\t\t<\/div>\n\t\t\t\t\t\t<\/div>\n\t\t\t<\/div>\n\t\t<\/div>\n\t\t\t\t\t\t<\/div>\n\t\t\t<\/div>\n\t\t<\/section>\n\t\t\t\t<section class=\"elementor-element elementor-element-b5ceec1 elementor-section-boxed elementor-section-height-default elementor-section-height-default elementor-section elementor-top-section\" data-id=\"b5ceec1\" data-element_type=\"section\">\n\t\t\t\t\t\t<div class=\"elementor-container elementor-column-gap-extended\">\n\t\t\t\t<div class=\"elementor-row\">\n\t\t\t\t<div class=\"elementor-element elementor-element-adcdff6 elementor-column elementor-col-50 elementor-top-column\" data-id=\"adcdff6\" data-element_type=\"column\">\n\t\t\t<div class=\"elementor-column-wrap  elementor-element-populated\">\n\t\t\t\t\t<div class=\"elementor-widget-wrap\">\n\t\t\t\t<div class=\"elementor-element elementor-element-e9482b4 elementor-position-left elementor-vertical-align-middle elementor-view-default elementor-widget elementor-widget-icon-box\" data-id=\"e9482b4\" data-element_type=\"widget\" data-widget_type=\"icon-box.default\">\n\t\t\t\t<div class=\"elementor-widget-container\">\n\t\t\t\t\t<div class=\"elementor-icon-box-wrapper\">\n\t\t\t\t\t\t<div class=\"elementor-icon-box-icon\">\n\t\t\t\t<span class=\"elementor-icon elementor-animation-\" >\n\t\t\t\t<i aria-hidden=\"true\" class=\"fas fa-palette\"><\/i>\t\t\t\t<\/span>\n\t\t\t<\/div>\n\t\t\t\t\t\t<div class=\"elementor-icon-box-content\">\n\t\t\t\t<h3 class=\"elementor-icon-box-title\">\n\t\t\t\t\t<span >Formation Artistique.<\/span>\n\t\t\t\t<\/h3>\n\t\t\t\t\t\t\t<\/div>\n\t\t<\/div>\n\t\t\t\t<\/div>\n\t\t\t\t<\/div>\n\t\t\t\t<div class=\"elementor-element elementor-element-097fb66 elementor-widget elementor-widget-text-editor\" data-id=\"097fb66\" data-element_type=\"widget\" data-widget_type=\"text-editor.default\">\n\t\t\t\t<div class=\"elementor-widget-container\">\n\t\t\t\t\t<div class=\"elementor-text-editor elementor-clearfix\"><p><strong>\u00c9cole Nationale Sup\u00e9rieure des Beaux Arts de Paris<\/strong><\/p><p>Peinture huile et acrylique \u2013 Linogravures \u2013 Photographies \u2013 Lithographies.<br \/>PRIX :\u00a0 Section dessin \u2013 Premi\u00e8re m\u00e9daille d\u2019or<br \/><em>Bourse d&rsquo;\u00e9tude aux USA, New York .<\/em><\/p><\/div>\n\t\t\t\t<\/div>\n\t\t\t\t<\/div>\n\t\t\t\t<div class=\"elementor-element elementor-element-5a979fe elementor-position-left elementor-vertical-align-middle elementor-view-default elementor-widget elementor-widget-icon-box\" data-id=\"5a979fe\" data-element_type=\"widget\" data-widget_type=\"icon-box.default\">\n\t\t\t\t<div class=\"elementor-widget-container\">\n\t\t\t\t\t<div class=\"elementor-icon-box-wrapper\">\n\t\t\t\t\t\t<div class=\"elementor-icon-box-icon\">\n\t\t\t\t<span class=\"elementor-icon elementor-animation-\" >\n\t\t\t\t<i aria-hidden=\"true\" class=\"fas fa-paint-brush\"><\/i>\t\t\t\t<\/span>\n\t\t\t<\/div>\n\t\t\t\t\t\t<div class=\"elementor-icon-box-content\">\n\t\t\t\t<h3 class=\"elementor-icon-box-title\">\n\t\t\t\t\t<span >P\u00e9riodes.<\/span>\n\t\t\t\t<\/h3>\n\t\t\t\t\t\t\t<\/div>\n\t\t<\/div>\n\t\t\t\t<\/div>\n\t\t\t\t<\/div>\n\t\t\t\t<div class=\"elementor-element elementor-element-18222a0 elementor-widget elementor-widget-text-editor\" data-id=\"18222a0\" data-element_type=\"widget\" data-widget_type=\"text-editor.default\">\n\t\t\t\t<div class=\"elementor-widget-container\">\n\t\t\t\t\t<div class=\"elementor-text-editor elementor-clearfix\"><p><strong>Premi\u00e8re p\u00e9riode 1972 \u00e0 1975 : \u00ab\u00a0M\u00e9taphysique\u00a0\u00bb<br \/><\/strong>\u00a0\u00a0\u00a0 Peintures \u00e0 l\u2019huile, Linogravures , Gouaches et encres.<br \/>1974-1975 : Exposition Galerie Raymonde Cazenave, Paris.<\/p><p><strong>Deuxi\u00e8me p\u00e9riode 1985 \u00e0 1989 : \u00ab\u00a0Les 4 \u00e9l\u00e9ments\u00a0\u00bb<br \/><\/strong>\u00a0\u00a0\u00a0\u00a0\u00a0Peintures acryliques et huiles.<\/p><p><strong>Troisi\u00e8me p\u00e9riode 1990 \u00e0 2004 : \u00ab\u00a0Vibrations et variations\u00a0\u00bb<br \/><\/strong>\u00a0\u00a0\u00a0\u00a0\u00a0Peintures acryliques et huiles.<br \/>1991 : Lithographie \u00e0 l\u2019atelier Mourlot \u00e0 Paris.<br \/>Expositions : New York \u2013 Berlin \u2013 St Petersbourg \u2013 Los Angeles<\/p><p><strong>Quatri\u00e8me p\u00e9riode 2005 \u00e0 aujourd&rsquo;hui :<\/strong> <strong>\u00ab Mouvements intemporels \u00bb<br \/><\/strong><span style=\"font-size: 1em;\">\u00a0 \u00a0 \u00a0Peintures et encres de Chine.<br \/><\/span>Expositions : Paris (Village Suisse) &#8211; Londres &#8211; Milan<\/p><\/div>\n\t\t\t\t<\/div>\n\t\t\t\t<\/div>\n\t\t\t\t\t\t<\/div>\n\t\t\t<\/div>\n\t\t<\/div>\n\t\t\t\t<div class=\"elementor-element elementor-element-3ff0331 elementor-column elementor-col-50 elementor-top-column\" data-id=\"3ff0331\" data-element_type=\"column\">\n\t\t\t<div class=\"elementor-column-wrap  elementor-element-populated\">\n\t\t\t\t\t<div class=\"elementor-widget-wrap\">\n\t\t\t\t<div class=\"elementor-element elementor-element-d4ba19c elementor-position-left elementor-vertical-align-middle elementor-view-default elementor-widget elementor-widget-icon-box\" data-id=\"d4ba19c\" data-element_type=\"widget\" data-widget_type=\"icon-box.default\">\n\t\t\t\t<div class=\"elementor-widget-container\">\n\t\t\t\t\t<div class=\"elementor-icon-box-wrapper\">\n\t\t\t\t\t\t<div class=\"elementor-icon-box-icon\">\n\t\t\t\t<span class=\"elementor-icon elementor-animation-\" >\n\t\t\t\t<i aria-hidden=\"true\" class=\"fas fa-trophy\"><\/i>\t\t\t\t<\/span>\n\t\t\t<\/div>\n\t\t\t\t\t\t<div class=\"elementor-icon-box-content\">\n\t\t\t\t<h3 class=\"elementor-icon-box-title\">\n\t\t\t\t\t<span >Prix & distinctions.<\/span>\n\t\t\t\t<\/h3>\n\t\t\t\t\t\t\t<\/div>\n\t\t<\/div>\n\t\t\t\t<\/div>\n\t\t\t\t<\/div>\n\t\t\t\t<div class=\"elementor-element elementor-element-8b3973b elementor-widget elementor-widget-text-editor\" data-id=\"8b3973b\" data-element_type=\"widget\" data-widget_type=\"text-editor.default\">\n\t\t\t\t<div class=\"elementor-widget-container\">\n\t\t\t\t\t<div class=\"elementor-text-editor elementor-clearfix\"><p><strong>\u00c9cole des Beaux-Arts de Paris :<\/strong> <br \/>Premi\u00e8re et seconde m\u00e9daille d\u2019or de dessin.<\/p><p><strong>Grand prix international de Deauville :<\/strong> <br \/>Prix Ren\u00e9 Borel.<\/p><p><strong>Centre culturel Jean Arp :<br \/><\/strong>Premier prix de peinture avec m\u00e9daille.<\/p><p><strong>Grand prix international de peinture \u00e0 Cannes :<\/strong> <br \/>Prix grande finale.<\/p><p><strong>Acad\u00e9mie internationale des arts contemporains en Belgique :<\/strong><br \/>Chevaliers des palmes acad\u00e9miques.<br \/>M\u00e9daille d\u2019or peinture acryliques.<br \/>M\u00e9daille d\u2019or peinture \u00e0 l\u2019huile.<\/p><p><strong>Grand prix Internationale des Arts \u00ab Le Luc en Provence \u00bb :<\/strong> <br \/>Prix du conseil g\u00e9n\u00e9ral.<\/p><p><strong>Acad\u00e9mie internationale des arts contemporains en Belgique :<\/strong><br \/>M\u00e9daille de Vermeil internationale de dessin .<br \/>M\u00e9daille d\u2019argent internationale peinture.<\/p><p><em>Nombreux catalogues d\u2019expositions avec photos.<br \/><\/em><em>R\u00e9f\u00e9rence : c\u00f4tes peintres Akoun.<\/em><\/p><\/div>\n\t\t\t\t<\/div>\n\t\t\t\t<\/div>\n\t\t\t\t\t\t<\/div>\n\t\t\t<\/div>\n\t\t<\/div>\n\t\t\t\t\t\t<\/div>\n\t\t\t<\/div>\n\t\t<\/section>\n\t\t\t\t<section class=\"elementor-element elementor-element-5adc73ab elementor-section-boxed elementor-section-height-default elementor-section-height-default elementor-section elementor-top-section\" data-id=\"5adc73ab\" data-element_type=\"section\">\n\t\t\t\t\t\t<div class=\"elementor-container elementor-column-gap-no\">\n\t\t\t\t<div class=\"elementor-row\">\n\t\t\t\t<div class=\"elementor-element elementor-element-6a344283 elementor-column elementor-col-100 elementor-top-column\" data-id=\"6a344283\" data-element_type=\"column\">\n\t\t\t<div class=\"elementor-column-wrap  elementor-element-populated\">\n\t\t\t\t\t<div class=\"elementor-widget-wrap\">\n\t\t\t\t<div class=\"elementor-element elementor-element-255c642a elementor-widget elementor-widget-heading\" data-id=\"255c642a\" data-element_type=\"widget\" data-widget_type=\"heading.default\">\n\t\t\t\t<div class=\"elementor-widget-container\">\n\t\t\t<h2 class=\"elementor-heading-title elementor-size-default\">Acc\u00e9der aux portfolios<\/h2>\t\t<\/div>\n\t\t\t\t<\/div>\n\t\t\t\t\t\t<\/div>\n\t\t\t<\/div>\n\t\t<\/div>\n\t\t\t\t\t\t<\/div>\n\t\t\t<\/div>\n\t\t<\/section>\n\t\t\t\t<section class=\"elementor-element elementor-element-743a7c3e elementor-section-boxed elementor-section-height-default elementor-section-height-default elementor-section elementor-top-section\" data-id=\"743a7c3e\" data-element_type=\"section\">\n\t\t\t\t\t\t<div class=\"elementor-container elementor-column-gap-no\">\n\t\t\t\t<div class=\"elementor-row\">\n\t\t\t\t<div class=\"elementor-element elementor-element-7ac16d3f elementor-column elementor-col-33 elementor-top-column\" data-id=\"7ac16d3f\" data-element_type=\"column\">\n\t\t\t<div class=\"elementor-column-wrap  elementor-element-populated\">\n\t\t\t\t\t<div class=\"elementor-widget-wrap\">\n\t\t\t\t<div class=\"elementor-element elementor-element-2de28f4d elementor-cta--skin-cover elementor-cta--valign-bottom elementor-bg-transform elementor-bg-transform-move-right elementor-animated-content elementor-widget elementor-widget-call-to-action\" data-id=\"2de28f4d\" data-element_type=\"widget\" data-widget_type=\"call-to-action.default\">\n\t\t\t\t<div class=\"elementor-widget-container\">\n\t\t\t\t\t<a href=\"https:\/\/didierangels.com\/index.php\/dessins-encre-didier-angels\/\" class=\"elementor-cta\">\n\t\t\t\t\t<div class=\"elementor-cta__bg-wrapper\">\n\t\t\t\t<div class=\"elementor-cta__bg elementor-bg\" style=\"background-image: url(https:\/\/didierangels.com\/wp-content\/uploads\/2019\/04\/Capture-d\u2019e\u0301cran-2019-04-26-a\u0300-14.56.01.png);\"><\/div>\n\t\t\t\t<div class=\"elementor-cta__bg-overlay\"><\/div>\n\t\t\t<\/div>\n\t\t\t\t\t\t\t<div class=\"elementor-cta__content\">\n\t\t\t\t\n\t\t\t\t\t\t\t\t\t<h2 class=\"elementor-cta__title elementor-cta__content-item elementor-content-item elementor-animated-item--enter-from-left\">\n\t\t\t\t\t\tDESSINS \u00c0 L'ENCRE\t\t\t\t\t<\/h2>\n\t\t\t\t\n\t\t\t\t\n\t\t\t\t\t\t\t<\/div>\n\t\t\t\t\t\t<\/a>\n\t\t\t\t<\/div>\n\t\t\t\t<\/div>\n\t\t\t\t\t\t<\/div>\n\t\t\t<\/div>\n\t\t<\/div>\n\t\t\t\t<div class=\"elementor-element elementor-element-4f27de84 elementor-column elementor-col-33 elementor-top-column\" data-id=\"4f27de84\" data-element_type=\"column\">\n\t\t\t<div class=\"elementor-column-wrap  elementor-element-populated\">\n\t\t\t\t\t<div class=\"elementor-widget-wrap\">\n\t\t\t\t<div class=\"elementor-element elementor-element-7b87a033 elementor-cta--skin-cover elementor-cta--valign-bottom elementor-bg-transform elementor-bg-transform-move-right elementor-animated-content elementor-widget elementor-widget-call-to-action\" data-id=\"7b87a033\" data-element_type=\"widget\" data-widget_type=\"call-to-action.default\">\n\t\t\t\t<div class=\"elementor-widget-container\">\n\t\t\t\t\t<a href=\"https:\/\/didierangels.com\/index.php\/peintures-didier-angels\/\" class=\"elementor-cta\">\n\t\t\t\t\t<div class=\"elementor-cta__bg-wrapper\">\n\t\t\t\t<div class=\"elementor-cta__bg elementor-bg\" style=\"background-image: url(https:\/\/didierangels.com\/wp-content\/uploads\/2020\/04\/Le-Danuble-Bleu-Didier-Angels.jpg);\"><\/div>\n\t\t\t\t<div class=\"elementor-cta__bg-overlay\"><\/div>\n\t\t\t<\/div>\n\t\t\t\t\t\t\t<div class=\"elementor-cta__content\">\n\t\t\t\t\n\t\t\t\t\t\t\t\t\t<h2 class=\"elementor-cta__title elementor-cta__content-item elementor-content-item elementor-animated-item--enter-from-left\">\n\t\t\t\t\t\tPEINTURES\t\t\t\t\t<\/h2>\n\t\t\t\t\n\t\t\t\t\n\t\t\t\t\t\t\t<\/div>\n\t\t\t\t\t\t<\/a>\n\t\t\t\t<\/div>\n\t\t\t\t<\/div>\n\t\t\t\t\t\t<\/div>\n\t\t\t<\/div>\n\t\t<\/div>\n\t\t\t\t<div class=\"elementor-element elementor-element-56dc7457 elementor-column elementor-col-33 elementor-top-column\" data-id=\"56dc7457\" data-element_type=\"column\">\n\t\t\t<div class=\"elementor-column-wrap  elementor-element-populated\">\n\t\t\t\t\t<div class=\"elementor-widget-wrap\">\n\t\t\t\t<div class=\"elementor-element elementor-element-1047f3b7 elementor-cta--skin-cover elementor-cta--valign-bottom elementor-bg-transform elementor-bg-transform-move-right elementor-animated-content elementor-widget elementor-widget-call-to-action\" data-id=\"1047f3b7\" data-element_type=\"widget\" data-widget_type=\"call-to-action.default\">\n\t\t\t\t<div class=\"elementor-widget-container\">\n\t\t\t\t\t<a href=\"https:\/\/didierangels.com\/index.php\/linogravures-didier-angels\/\" class=\"elementor-cta\">\n\t\t\t\t\t<div class=\"elementor-cta__bg-wrapper\">\n\t\t\t\t<div class=\"elementor-cta__bg elementor-bg\" style=\"background-image: url(https:\/\/didierangels.com\/wp-content\/uploads\/2019\/04\/dede20154.jpg);\"><\/div>\n\t\t\t\t<div class=\"elementor-cta__bg-overlay\"><\/div>\n\t\t\t<\/div>\n\t\t\t\t\t\t\t<div class=\"elementor-cta__content\">\n\t\t\t\t\n\t\t\t\t\t\t\t\t\t<h2 class=\"elementor-cta__title elementor-cta__content-item elementor-content-item elementor-animated-item--enter-from-left\">\n\t\t\t\t\t\tLINOGRAVURES\t\t\t\t\t<\/h2>\n\t\t\t\t\n\t\t\t\t\n\t\t\t\t\t\t\t<\/div>\n\t\t\t\t\t\t<\/a>\n\t\t\t\t<\/div>\n\t\t\t\t<\/div>\n\t\t\t\t\t\t<\/div>\n\t\t\t<\/div>\n\t\t<\/div>\n\t\t\t\t\t\t<\/div>\n\t\t\t<\/div>\n\t\t<\/section>\n\t\t\t\t\t\t<\/div>\n\t\t\t<\/div>\n\t\t<\/div>\n\t\t","protected":false},"excerpt":{"rendered":"<p>L&rsquo;artiste. Formation Artistique. \u00c9cole Nationale Sup\u00e9rieure des Beaux Arts de Paris Peinture huile et acrylique \u2013 Linogravures \u2013 Photographies \u2013 Lithographies.PRIX :\u00a0 Section dessin \u2013 Premi\u00e8re m\u00e9daille d\u2019orBourse d&rsquo;\u00e9tude aux USA, New York . P\u00e9riodes. Premi\u00e8re p\u00e9riode 1972 \u00e0 1975 : \u00ab\u00a0M\u00e9taphysique\u00a0\u00bb\u00a0\u00a0\u00a0 Peintures \u00e0 l\u2019huile, Linogravures , Gouaches et encres.1974-1975 : Exposition Galerie Raymonde Cazenave, [&hellip;]<\/p>\n","protected":false},"author":2,"featured_media":0,"parent":0,"menu_order":0,"comment_status":"closed","ping_status":"closed","template":"elementor_header_footer","meta":[],"_links":{"self":[{"href":"https:\/\/didierangels.com\/index.php\/wp-json\/wp\/v2\/pages\/94"}],"collection":[{"href":"https:\/\/didierangels.com\/index.php\/wp-json\/wp\/v2\/pages"}],"about":[{"href":"https:\/\/didierangels.com\/index.php\/wp-json\/wp\/v2\/types\/page"}],"author":[{"embeddable":true,"href":"https:\/\/didierangels.com\/index.php\/wp-json\/wp\/v2\/users\/2"}],"replies":[{"embeddable":true,"href":"https:\/\/didierangels.com\/index.php\/wp-json\/wp\/v2\/comments?post=94"}],"version-history":[{"count":22,"href":"https:\/\/didierangels.com\/index.php\/wp-json\/wp\/v2\/pages\/94\/revisions"}],"predecessor-version":[{"id":362,"href":"https:\/\/didierangels.com\/index.php\/wp-json\/wp\/v2\/pages\/94\/revisions\/362"}],"wp:attachment":[{"href":"https:\/\/didierangels.com\/index.php\/wp-json\/wp\/v2\/media?parent=94"}],"curies":[{"name":"wp","href":"https:\/\/api.w.org\/{rel}","templated":true}]}}